{"id":93,"date":"2016-11-06T13:04:43","date_gmt":"2016-11-06T12:04:43","guid":{"rendered":"http:\/\/www.pesmi.at\/?page_id=93"},"modified":"2016-11-06T13:31:55","modified_gmt":"2016-11-06T12:31:55","slug":"pgs-pesmi-in-glasba-s-stajerske","status":"publish","type":"page","link":"https:\/\/www.pesmi.at\/?page_id=93","title":{"rendered":"PG\u0160 &#8211; pesmi in glasba s \u0160tajerske"},"content":{"rendered":"<div style=\"width: 95%; float: left; background: #FFFFCC;\">\n<p><img decoding=\"async\" class=\"alignleft wp-image-94 size-medium\" src=\"https:\/\/www.pesmi.at\/wp-content\/uploads\/2016\/11\/st01-191x300.jpg\" alt=\"st01\" width=\"190\" srcset=\"https:\/\/www.pesmi.at\/wp-content\/uploads\/2016\/11\/st01-191x300.jpg 191w, https:\/\/www.pesmi.at\/wp-content\/uploads\/2016\/11\/st01.jpg 651w\" sizes=\"(max-width: 191px) 100vw, 191px\" \/><\/p>\n<h2><span style=\"color: #800000;\">meine Lieder &#8211; deine Lieder 1<\/span><\/h2>\n<p>Aus der s\u00fcdsteirischen Feldforschung 1<br \/>\nDeutsche und slowenische Lieder aus Schlo\u00dfberg<br \/>\n2000<\/p>\n<\/div>\n<div style=\"width: 95%; float: left;\">\n<p><img decoding=\"async\" class=\"alignleft wp-image-95 size-medium\" src=\"https:\/\/www.pesmi.at\/wp-content\/uploads\/2016\/11\/st02-202x300.jpg\" alt=\"st02\" width=\"190\" srcset=\"https:\/\/www.pesmi.at\/wp-content\/uploads\/2016\/11\/st02-202x300.jpg 202w, https:\/\/www.pesmi.at\/wp-content\/uploads\/2016\/11\/st02.jpg 688w\" sizes=\"(max-width: 202px) 100vw, 202px\" \/><\/p>\n<h2><span style=\"color: #800000;\">meine Lieder &#8211; deine Lieder 2<\/span><\/h2>\n<p>&#8220;Gremo na \u0160tajersko&#8221; \/ &#8220;Gehen wir in die Steiermark&#8221;<br \/>\nSlowenische und deutsche Lieder aus der Bad Radkersburger Gegend<br \/>\n2001<\/p>\n<\/div>\n<div style=\"width: 95%; float: left; background: #FFFFCC;\">\n<p><img decoding=\"async\" class=\"alignleft wp-image-96\" src=\"https:\/\/www.pesmi.at\/wp-content\/uploads\/2016\/11\/st03.jpg\" alt=\"st03\" width=\"190\" \/><\/p>\n<h2><span style=\"color: #800000;\">Eine schlechte Nachricht kommt aus Graz<\/span><br \/>\n<span style=\"color: #800000;\">Hudi glas iz Gradca gre<\/span><\/h2>\n<p>H: Susanne Weitlaner und Michael Petrowitsch<br \/>\nGraz und die Steiermark in der slowenischen Volksliedsammlung von Dr. Karel \u0160trekelj<br \/>\nGradec in \u0160tajerska v zbirki slovenskih narodnih pesmi dr. Karla \u0160treklja<br \/>\n2009<\/p>\n<\/div>\n","protected":false},"excerpt":{"rendered":"<p>meine Lieder &#8211; deine Lieder 1 Aus der s\u00fcdsteirischen Feldforschung 1 Deutsche und slowenische Lieder aus Schlo\u00dfberg 2000 meine Lieder &#8211; deine Lieder 2 &#8220;Gremo na \u0160tajersko&#8221; \/ &#8220;Gehen wir in die Steiermark&#8221; Slowenische und deutsche Lieder aus der Bad Radkersburger Gegend 2001 Eine schlechte Nachricht kommt aus Graz Hudi glas iz Gradca gre H:&#8230;<\/p>\n","protected":false},"author":1,"featured_media":0,"parent":0,"menu_order":0,"comment_status":"closed","ping_status":"closed","template":"","meta":{"footnotes":""},"class_list":["post-93","page","type-page","status-publish","hentry"],"_links":{"self":[{"href":"https:\/\/www.pesmi.at\/index.php?rest_route=\/wp\/v2\/pages\/93","targetHints":{"allow":["GET"]}}],"collection":[{"href":"https:\/\/www.pesmi.at\/index.php?rest_route=\/wp\/v2\/pages"}],"about":[{"href":"https:\/\/www.pesmi.at\/index.php?rest_route=\/wp\/v2\/types\/page"}],"author":[{"embeddable":true,"href":"https:\/\/www.pesmi.at\/index.php?rest_route=\/wp\/v2\/users\/1"}],"replies":[{"embeddable":true,"href":"https:\/\/www.pesmi.at\/index.php?rest_route=%2Fwp%2Fv2%2Fcomments&post=93"}],"version-history":[{"count":7,"href":"https:\/\/www.pesmi.at\/index.php?rest_route=\/wp\/v2\/pages\/93\/revisions"}],"predecessor-version":[{"id":103,"href":"https:\/\/www.pesmi.at\/index.php?rest_route=\/wp\/v2\/pages\/93\/revisions\/103"}],"wp:attachment":[{"href":"https:\/\/www.pesmi.at\/index.php?rest_route=%2Fwp%2Fv2%2Fmedia&parent=93"}],"curies":[{"name":"wp","href":"https:\/\/api.w.org\/{rel}","templated":true}]}}