{"id":9,"date":"2011-10-26T14:13:57","date_gmt":"2011-10-26T12:13:57","guid":{"rendered":"http:\/\/www.pesmi.at\/?page_id=9"},"modified":"2015-03-21T15:53:28","modified_gmt":"2015-03-21T14:53:28","slug":"spa-slovenska-pesem-v-avstriji","status":"publish","type":"page","link":"https:\/\/www.pesmi.at\/?page_id=9","title":{"rendered":"SPA &#8211; slovenska pesem v Avstriji"},"content":{"rendered":"<p>SPA &#8211; slovenska pesem v Avstriji\/ Das slowenische Lied in \u00d6sterreich<\/p>\n<blockquote><p>Arhiv je zbirka <strong>slovenskih pesmi v Avstriji<\/strong>. Vklju\u010dene so razli\u010dne vsebine in razli\u010dni kraji in \u010dasi.<br \/>\nDas Archiv ist eine Sammlung des <strong>slowenischen Liedes in \u00d6sterreich<\/strong> aus verschiedenen Zeiten, Orten und Gattungen.<br \/>\nThe archive is a home for <strong>Slovene songs in Austria<\/strong>. Songs in various themes and from many centuries are included.<\/p><\/blockquote>\n","protected":false},"excerpt":{"rendered":"<p>SPA &#8211; slovenska pesem v Avstriji\/ Das slowenische Lied in \u00d6sterreich Arhiv je zbirka slovenskih pesmi v Avstriji. Vklju\u010dene so razli\u010dne vsebine in razli\u010dni kraji in \u010dasi. Das Archiv ist eine Sammlung des slowenischen Liedes in \u00d6sterreich aus verschiedenen Zeiten, Orten und Gattungen. The archive is a home for Slovene songs in Austria. Songs in&#8230;<\/p>\n","protected":false},"author":1,"featured_media":0,"parent":0,"menu_order":0,"comment_status":"closed","ping_status":"closed","template":"page-template-spa.php","meta":{"footnotes":""},"class_list":["post-9","page","type-page","status-publish","hentry"],"_links":{"self":[{"href":"https:\/\/www.pesmi.at\/index.php?rest_route=\/wp\/v2\/pages\/9","targetHints":{"allow":["GET"]}}],"collection":[{"href":"https:\/\/www.pesmi.at\/index.php?rest_route=\/wp\/v2\/pages"}],"about":[{"href":"https:\/\/www.pesmi.at\/index.php?rest_route=\/wp\/v2\/types\/page"}],"author":[{"embeddable":true,"href":"https:\/\/www.pesmi.at\/index.php?rest_route=\/wp\/v2\/users\/1"}],"replies":[{"embeddable":true,"href":"https:\/\/www.pesmi.at\/index.php?rest_route=%2Fwp%2Fv2%2Fcomments&post=9"}],"version-history":[{"count":7,"href":"https:\/\/www.pesmi.at\/index.php?rest_route=\/wp\/v2\/pages\/9\/revisions"}],"predecessor-version":[{"id":81,"href":"https:\/\/www.pesmi.at\/index.php?rest_route=\/wp\/v2\/pages\/9\/revisions\/81"}],"wp:attachment":[{"href":"https:\/\/www.pesmi.at\/index.php?rest_route=%2Fwp%2Fv2%2Fmedia&parent=9"}],"curies":[{"name":"wp","href":"https:\/\/api.w.org\/{rel}","templated":true}]}}