{"id":64,"date":"2013-02-09T17:55:10","date_gmt":"2013-02-09T16:55:10","guid":{"rendered":"http:\/\/www.pesmi.at\/?page_id=64"},"modified":"2024-06-16T09:13:40","modified_gmt":"2024-06-16T07:13:40","slug":"narocilnica","status":"publish","type":"page","link":"https:\/\/www.pesmi.at\/?page_id=64","title":{"rendered":"Naro\u010dilnica &#8211; Bestellformular &#8211; Order form"},"content":{"rendered":"\n<blockquote class=\"wp-block-quote is-layout-flow wp-block-quote-is-layout-flow\">\n<p>Naro\u010dila so mo\u017ena le za prebivalce Avstrije in Slovenije!<br>Bestellungen werden nur aus \u00d6sterreich und Slowenien entgegengenommen!<br>Orders can only be placed from Austria and Slovenia!<\/p>\n<\/blockquote>\n\n\n\n<div class=\"wpcf7 no-js\" id=\"wpcf7-f63-o1\" lang=\"en-US\" dir=\"ltr\" data-wpcf7-id=\"63\">\n<div class=\"screen-reader-response\"><p role=\"status\" aria-live=\"polite\" aria-atomic=\"true\"><\/p> <ul><\/ul><\/div>\n<form action=\"\/index.php?rest_route=%2Fwp%2Fv2%2Fpages%2F64#wpcf7-f63-o1\" method=\"post\" class=\"wpcf7-form init\" aria-label=\"Contact form\" novalidate=\"novalidate\" data-status=\"init\">\n<fieldset class=\"hidden-fields-container\"><input type=\"hidden\" name=\"_wpcf7\" value=\"63\" \/><input type=\"hidden\" name=\"_wpcf7_version\" value=\"6.1.5\" \/><input type=\"hidden\" name=\"_wpcf7_locale\" value=\"en_US\" \/><input type=\"hidden\" name=\"_wpcf7_unit_tag\" value=\"wpcf7-f63-o1\" \/><input type=\"hidden\" name=\"_wpcf7_container_post\" value=\"0\" \/><input type=\"hidden\" name=\"_wpcf7_posted_data_hash\" value=\"\" \/>\n<\/fieldset>\n<div class=\"logar-narocilnica-pgk\">\n\t<p><span class=\"wpcf7-form-control-wrap\" data-name=\"ime\"><input size=\"40\" maxlength=\"400\" class=\"wpcf7-form-control wpcf7-text wpcf7-validates-as-required\" aria-required=\"true\" aria-invalid=\"false\" placeholder=\"ime - Name\" value=\"\" type=\"text\" name=\"ime\" \/><\/span><br \/>\n<span class=\"wpcf7-form-control-wrap\" data-name=\"naslov\"><textarea cols=\"40\" rows=\"10\" maxlength=\"2000\" class=\"wpcf7-form-control wpcf7-textarea wpcf7-validates-as-required\" aria-required=\"true\" aria-invalid=\"false\" placeholder=\"celoten naslov - volle Anschrift - full address\" name=\"naslov\"><\/textarea><\/span><br \/>\n<span class=\"wpcf7-form-control-wrap\" data-name=\"email\"><input size=\"40\" maxlength=\"400\" class=\"wpcf7-form-control wpcf7-email wpcf7-validates-as-required wpcf7-text wpcf7-validates-as-email\" aria-required=\"true\" aria-invalid=\"false\" placeholder=\"mail\" value=\"\" type=\"email\" name=\"email\" \/><\/span><br \/>\n<span class=\"wpcf7-form-control-wrap\" data-name=\"zvezke\"><span class=\"wpcf7-form-control wpcf7-checkbox wpcf7-validates-as-required\"><span class=\"wpcf7-list-item first\"><input type=\"checkbox\" name=\"zvezke[]\" value=\"1. Le koraj\u017eno (13 pesmi Okteta Suha) 1990\" \/><span class=\"wpcf7-list-item-label\">1. Le koraj\u017eno (13 pesmi Okteta Suha) 1990<\/span><\/span><span class=\"wpcf7-list-item\"><input type=\"checkbox\" name=\"zvezke[]\" value=\"2. Anton Nagele: Miklova Zala (klavirski  izvle\u010dek) 1991\" \/><span class=\"wpcf7-list-item-label\">2. Anton Nagele: Miklova Zala (klavirski  izvle\u010dek) 1991<\/span><\/span><span class=\"wpcf7-list-item\"><input type=\"checkbox\" name=\"zvezke[]\" value=\"3. Bo\u017ei\u010dne pesmi (15 pesmi za me\u0161ane\/mo\u0161ke zbore) 1991\" \/><span class=\"wpcf7-list-item-label\">3. Bo\u017ei\u010dne pesmi (15 pesmi za me\u0161ane\/mo\u0161ke zbore) 1991<\/span><\/span><span class=\"wpcf7-list-item\"><input type=\"checkbox\" name=\"zvezke[]\" value=\"4. Pesmi Milke Hartman (23 pesmi + \u017eivljenjepis, seznam) 1992\" \/><span class=\"wpcf7-list-item-label\">4. Pesmi Milke Hartman (23 pesmi + \u017eivljenjepis, seznam) 1992<\/span><\/span><span class=\"wpcf7-list-item\"><input type=\"checkbox\" name=\"zvezke[]\" value=\"5. Ena se mi dopadva je (12 pesmi Okteta Suha) 1992\" \/><span class=\"wpcf7-list-item-label\">5. Ena se mi dopadva je (12 pesmi Okteta Suha) 1992<\/span><\/span><span class=\"wpcf7-list-item\"><input type=\"checkbox\" name=\"zvezke[]\" value=\"6. Stoji en gartel\u010d ograjen (Podjunske pesmi, pevske skupine s Suhe) 1993\" \/><span class=\"wpcf7-list-item-label\">6. Stoji en gartel\u010d ograjen (Podjunske pesmi, pevske skupine s Suhe) 1993<\/span><\/span><span class=\"wpcf7-list-item\"><input type=\"checkbox\" name=\"zvezke[]\" value=\"7. Seznam pesmi podjunskih zborov (1950-93) 1993\" \/><span class=\"wpcf7-list-item-label\">7. Seznam pesmi podjunskih zborov (1950-93) 1993<\/span><\/span><span class=\"wpcf7-list-item\"><input type=\"checkbox\" name=\"zvezke[]\" value=\"8. Seznam podjunskih ljudskih pesmi (1960-93) 1994\" \/><span class=\"wpcf7-list-item-label\">8. Seznam podjunskih ljudskih pesmi (1960-93) 1994<\/span><\/span><span class=\"wpcf7-list-item\"><input type=\"checkbox\" name=\"zvezke[]\" value=\"9. Prelepa Libeli\u0161ka dolina (Ljudske pesmi libeli\u0161kih pevcev) 1994\" \/><span class=\"wpcf7-list-item-label\">9. Prelepa Libeli\u0161ka dolina (Ljudske pesmi libeli\u0161kih pevcev) 1994<\/span><\/span><span class=\"wpcf7-list-item\"><input type=\"checkbox\" name=\"zvezke[]\" value=\"10. Pesmi ro\u017eanskih in ziljskih zborov (Seznam vseh posnetkov) 1995\" \/><span class=\"wpcf7-list-item-label\">10. Pesmi ro\u017eanskih in ziljskih zborov (Seznam vseh posnetkov) 1995<\/span><\/span><span class=\"wpcf7-list-item\"><input type=\"checkbox\" name=\"zvezke[]\" value=\"11. Ljudske pesmi iz Vogr\u010d (20 pesmi vogr\u0161kih pevcev) 1995\" \/><span class=\"wpcf7-list-item-label\">11. Ljudske pesmi iz Vogr\u010d (20 pesmi vogr\u0161kih pevcev) 1995<\/span><\/span><span class=\"wpcf7-list-item\"><input type=\"checkbox\" name=\"zvezke[]\" value=\"12. Diskographie slowenischer Volkslieder aus K\u00e4rnten (1607 Titel) 1996\" \/><span class=\"wpcf7-list-item-label\">12. Diskographie slowenischer Volkslieder aus K\u00e4rnten (1607 Titel) 1996<\/span><\/span><span class=\"wpcf7-list-item\"><input type=\"checkbox\" name=\"zvezke[]\" value=\"13. Danes bo sre\u010den dan (19 pesmi skupine Nomos iz \u0160kocijana) 1996\" \/><span class=\"wpcf7-list-item-label\">13. Danes bo sre\u010den dan (19 pesmi skupine Nomos iz \u0160kocijana) 1996<\/span><\/span><span class=\"wpcf7-list-item\"><input type=\"checkbox\" name=\"zvezke[]\" value=\"14. Podjunska ohcet (15 svatovskih pesmi ansambla Korenika)1996\" \/><span class=\"wpcf7-list-item-label\">14. Podjunska ohcet (15 svatovskih pesmi ansambla Korenika)1996<\/span><\/span><span class=\"wpcf7-list-item\"><input type=\"checkbox\" name=\"zvezke[]\" value=\"15. Hvalnico pojem Bogu (25 ritmi\u010dnih duhovnih pesmi, me\u0161ani zbor) 1997\" \/><span class=\"wpcf7-list-item-label\">15. Hvalnico pojem Bogu (25 ritmi\u010dnih duhovnih pesmi, me\u0161ani zbor) 1997<\/span><\/span><span class=\"wpcf7-list-item\"><input type=\"checkbox\" name=\"zvezke[]\" value=\"16. Ostani tu (14 pesmi Pepeja Kropa) 1998\" \/><span class=\"wpcf7-list-item-label\">16. Ostani tu (14 pesmi Pepeja Kropa) 1998<\/span><\/span><span class=\"wpcf7-list-item\"><input type=\"checkbox\" name=\"zvezke[]\" value=\"17. Seznam slovenskih posnetkov celov\u0161kih, gra\u0161kih in dunajskih skupin1998\" \/><span class=\"wpcf7-list-item-label\">17. Seznam slovenskih posnetkov celov\u0161kih, gra\u0161kih in dunajskih skupin1998<\/span><\/span><span class=\"wpcf7-list-item\"><input type=\"checkbox\" name=\"zvezke[]\" value=\"18. To je na\u0161a pesem (pesmi Pevsko-instrumentalne skupine \u017dvabek) 1999\" \/><span class=\"wpcf7-list-item-label\">18. To je na\u0161a pesem (pesmi Pevsko-instrumentalne skupine \u017dvabek) 1999<\/span><\/span><span class=\"wpcf7-list-item\"><input type=\"checkbox\" name=\"zvezke[]\" value=\"19. Podjunski zvoki (Podjunski trio Lipusch) 1999\" \/><span class=\"wpcf7-list-item-label\">19. Podjunski zvoki (Podjunski trio Lipusch) 1999<\/span><\/span><span class=\"wpcf7-list-item\"><input type=\"checkbox\" name=\"zvezke[]\" value=\"20. Marija gre na bo\u017ejo pot (20 pesmi Obirsko-\u017eelinjskega MePZ) 1999\" \/><span class=\"wpcf7-list-item-label\">20. Marija gre na bo\u017ejo pot (20 pesmi Obirsko-\u017eelinjskega MePZ) 1999<\/span><\/span><span class=\"wpcf7-list-item\"><input type=\"checkbox\" name=\"zvezke[]\" value=\"21. \u010car bo\u017ei\u010da (16 adventnih in bo\u017ei\u010dnih pesmi) 2000\" \/><span class=\"wpcf7-list-item-label\">21. \u010car bo\u017ei\u010da (16 adventnih in bo\u017ei\u010dnih pesmi) 2000<\/span><\/span><span class=\"wpcf7-list-item\"><input type=\"checkbox\" name=\"zvezke[]\" value=\"22. O\u010de, hvala ti  (16 ritmi\u010dnih duhovnih in posvetnih pesmi OPD) 2000\" \/><span class=\"wpcf7-list-item-label\">22. O\u010de, hvala ti  (16 ritmi\u010dnih duhovnih in posvetnih pesmi OPD) 2000<\/span><\/span><span class=\"wpcf7-list-item\"><input type=\"checkbox\" name=\"zvezke[]\" value=\"23. Beseda materina (23 skladb in priredb Janeza Petjaka) 2000\" \/><span class=\"wpcf7-list-item-label\">23. Beseda materina (23 skladb in priredb Janeza Petjaka) 2000<\/span><\/span><span class=\"wpcf7-list-item\"><input type=\"checkbox\" name=\"zvezke[]\" value=\"24. Kvartet in Kvintet Smrtnik (19 pesmi in popevk) 2001\" \/><span class=\"wpcf7-list-item-label\">24. Kvartet in Kvintet Smrtnik (19 pesmi in popevk) 2001<\/span><\/span><span class=\"wpcf7-list-item\"><input type=\"checkbox\" name=\"zvezke[]\" value=\"25. Posneli smo smetano (16 pesmi skupine 4 J) 2001\" \/><span class=\"wpcf7-list-item-label\">25. Posneli smo smetano (16 pesmi skupine 4 J) 2001<\/span><\/span><span class=\"wpcf7-list-item\"><input type=\"checkbox\" name=\"zvezke[]\" value=\"26. Prijatelji\/Freunde (16 pesmi Amabilis, Dru\u017eine Bla\u017eej) 2002\" \/><span class=\"wpcf7-list-item-label\">26. Prijatelji\/Freunde (16 pesmi Amabilis, Dru\u017eine Bla\u017eej) 2002<\/span><\/span><span class=\"wpcf7-list-item\"><input type=\"checkbox\" name=\"zvezke[]\" value=\"27. Dan ljubezni (pesmi za me\u0161ane in mo\u0161ke zbore in skupine) 2003\" \/><span class=\"wpcf7-list-item-label\">27. Dan ljubezni (pesmi za me\u0161ane in mo\u0161ke zbore in skupine) 2003<\/span><\/span><span class=\"wpcf7-list-item\"><input type=\"checkbox\" name=\"zvezke[]\" value=\"28. \u0160opek planinskih ro\u017e (80 pesmi Ivanke Polanc) 2004\" \/><span class=\"wpcf7-list-item-label\">28. \u0160opek planinskih ro\u017e (80 pesmi Ivanke Polanc) 2004<\/span><\/span><span class=\"wpcf7-list-item\"><input type=\"checkbox\" name=\"zvezke[]\" value=\"29. Vedno mladi (17 pesmi skupine Nomos) 2004\" \/><span class=\"wpcf7-list-item-label\">29. Vedno mladi (17 pesmi skupine Nomos) 2004<\/span><\/span><span class=\"wpcf7-list-item\"><input type=\"checkbox\" name=\"zvezke[]\" value=\"30. Vselje in tro\u0161t (29 pesmi podjunskih zborov in skupin) 2005\" \/><span class=\"wpcf7-list-item-label\">30. Vselje in tro\u0161t (29 pesmi podjunskih zborov in skupin) 2005<\/span><\/span><span class=\"wpcf7-list-item\"><input type=\"checkbox\" name=\"zvezke[]\" value=\"31. Kvintet Smrtnik: Vedno znova (20 narodnozabavnih pesmi) 2005\" \/><span class=\"wpcf7-list-item-label\">31. Kvintet Smrtnik: Vedno znova (20 narodnozabavnih pesmi) 2005<\/span><\/span><span class=\"wpcf7-list-item\"><input type=\"checkbox\" name=\"zvezke[]\" value=\"32. Vidrinke: (19 pesmi dekli\u0161ke skupine iz Vidre vasi) 2006\" \/><span class=\"wpcf7-list-item-label\">32. Vidrinke: (19 pesmi dekli\u0161ke skupine iz Vidre vasi) 2006<\/span><\/span><span class=\"wpcf7-list-item\"><input type=\"checkbox\" name=\"zvezke[]\" value=\"33. Pesem \u2013 utrip srca (85 pesmi Hermana Germa) 2006\" \/><span class=\"wpcf7-list-item-label\">33. Pesem \u2013 utrip srca (85 pesmi Hermana Germa) 2006<\/span><\/span><span class=\"wpcf7-list-item\"><input type=\"checkbox\" name=\"zvezke[]\" value=\"34. K\u0259k lopu je bwu (26 slovenskih popevk za me\u0161ani zbor) 2007\" \/><span class=\"wpcf7-list-item-label\">34. K\u0259k lopu je bwu (26 slovenskih popevk za me\u0161ani zbor) 2007<\/span><\/span><span class=\"wpcf7-list-item\"><input type=\"checkbox\" name=\"zvezke[]\" value=\"35. Vox 11 (Pesmi skupine Voxon) 2008\" \/><span class=\"wpcf7-list-item-label\">35. Vox 11 (Pesmi skupine Voxon) 2008<\/span><\/span><span class=\"wpcf7-list-item\"><input type=\"checkbox\" name=\"zvezke[]\" value=\"36. Skozi leto (Marija Kamnik) 2009\" \/><span class=\"wpcf7-list-item-label\">36. Skozi leto (Marija Kamnik) 2009<\/span><\/span><span class=\"wpcf7-list-item\"><input type=\"checkbox\" name=\"zvezke[]\" value=\"37. Nomos tri (Pesmi skupine Nomos) 2010\" \/><span class=\"wpcf7-list-item-label\">37. Nomos tri (Pesmi skupine Nomos) 2010<\/span><\/span><span class=\"wpcf7-list-item\"><input type=\"checkbox\" name=\"zvezke[]\" value=\"38. Cerkvena pesmarica iz Lo\u010d 2012\" \/><span class=\"wpcf7-list-item-label\">38. Cerkvena pesmarica iz Lo\u010d 2012<\/span><\/span><span class=\"wpcf7-list-item\"><input type=\"checkbox\" name=\"zvezke[]\" value=\"39. Oktet Suha - Sre\u010dne ste jasli 2012\" \/><span class=\"wpcf7-list-item-label\">39. Oktet Suha - Sre\u010dne ste jasli 2012<\/span><\/span><span class=\"wpcf7-list-item\"><input type=\"checkbox\" name=\"zvezke[]\" value=\"40. Prilo\u017enostne pesmi Franciske Lubas 2013\" \/><span class=\"wpcf7-list-item-label\">40. Prilo\u017enostne pesmi Franciske Lubas 2013<\/span><\/span><span class=\"wpcf7-list-item\"><input type=\"checkbox\" name=\"zvezke[]\" value=\"41. Smrtniki - Od pesmi do pesmi 2014\" \/><span class=\"wpcf7-list-item-label\">41. Smrtniki - Od pesmi do pesmi 2014<\/span><\/span><span class=\"wpcf7-list-item\"><input type=\"checkbox\" name=\"zvezke[]\" value=\"42. Mediteraneo - Pesmi v Esperantu 1990\" \/><span class=\"wpcf7-list-item-label\">42. Mediteraneo - Pesmi v Esperantu 1990<\/span><\/span><span class=\"wpcf7-list-item\"><input type=\"checkbox\" name=\"zvezke[]\" value=\"43. BORG Althofen - Impulse 2016\" \/><span class=\"wpcf7-list-item-label\">43. BORG Althofen - Impulse 2016<\/span><\/span><span class=\"wpcf7-list-item last\"><input type=\"checkbox\" name=\"zvezke[]\" value=\"44. Donet - Sijaj mi son\u010dece 2018\" \/><span class=\"wpcf7-list-item-label\">44. Donet - Sijaj mi son\u010dece 2018<\/span><\/span><\/span><\/span><br \/>\n<span class=\"wpcf7-form-control-wrap\" data-name=\"kviz1\"><label><span class=\"wpcf7-quiz-label\">9-1=?<\/span> <input size=\"40\" class=\"wpcf7-form-control wpcf7-quiz\" autocomplete=\"off\" aria-required=\"true\" aria-invalid=\"false\" type=\"text\" name=\"kviz1\" \/><\/label><input type=\"hidden\" name=\"_wpcf7_quiz_answer_kviz1\" value=\"1313a6edfc073f5fb58e9fe90e313a28\" \/><\/span><br \/>\n<input class=\"wpcf7-form-control wpcf7-submit has-spinner\" type=\"submit\" value=\"naro\u010di - bestellen - order\" \/>\n\t<\/p>\n<\/div><div class=\"wpcf7-response-output\" aria-hidden=\"true\"><\/div>\n<\/form>\n<\/div>\n\n","protected":false},"excerpt":{"rendered":"<p>Naro\u010dila so mo\u017ena le za prebivalce Avstrije in Slovenije!Bestellungen werden nur aus \u00d6sterreich und Slowenien entgegengenommen!Orders can only be placed from Austria and Slovenia!<\/p>\n","protected":false},"author":1,"featured_media":0,"parent":0,"menu_order":0,"comment_status":"closed","ping_status":"closed","template":"","meta":{"footnotes":""},"class_list":["post-64","page","type-page","status-publish","hentry"],"_links":{"self":[{"href":"https:\/\/www.pesmi.at\/index.php?rest_route=\/wp\/v2\/pages\/64","targetHints":{"allow":["GET"]}}],"collection":[{"href":"https:\/\/www.pesmi.at\/index.php?rest_route=\/wp\/v2\/pages"}],"about":[{"href":"https:\/\/www.pesmi.at\/index.php?rest_route=\/wp\/v2\/types\/page"}],"author":[{"embeddable":true,"href":"https:\/\/www.pesmi.at\/index.php?rest_route=\/wp\/v2\/users\/1"}],"replies":[{"embeddable":true,"href":"https:\/\/www.pesmi.at\/index.php?rest_route=%2Fwp%2Fv2%2Fcomments&post=64"}],"version-history":[{"count":7,"href":"https:\/\/www.pesmi.at\/index.php?rest_route=\/wp\/v2\/pages\/64\/revisions"}],"predecessor-version":[{"id":188,"href":"https:\/\/www.pesmi.at\/index.php?rest_route=\/wp\/v2\/pages\/64\/revisions\/188"}],"wp:attachment":[{"href":"https:\/\/www.pesmi.at\/index.php?rest_route=%2Fwp%2Fv2%2Fmedia&parent=64"}],"curies":[{"name":"wp","href":"https:\/\/api.w.org\/{rel}","templated":true}]}}