{"id":11,"date":"2011-10-26T14:15:11","date_gmt":"2011-10-26T12:15:11","guid":{"rendered":"http:\/\/www.pesmi.at\/?page_id=11"},"modified":"2013-02-09T17:27:02","modified_gmt":"2013-02-09T16:27:02","slug":"pgk-pesmi-in-glasba-z-juzne-koroske","status":"publish","type":"page","link":"https:\/\/www.pesmi.at\/?page_id=11","title":{"rendered":"PGK &#8211; pesmi in glasba z Ju\u017ene Koro\u0161ke"},"content":{"rendered":"<p>PGK &#8211; pesmi in glasba z Ju\u017ene Koro\u0161ke\/ Lieder und Musik aus S\u00fcdk\u00e4rnten<\/p>\n<blockquote><p>Doslej so bili objavljeni slede\u010di zvezki<br \/>\nBisher sind folgende Hefte erschienen<br \/>\nThe following books have been published so far<\/p><\/blockquote>\n","protected":false},"excerpt":{"rendered":"<p>PGK &#8211; pesmi in glasba z Ju\u017ene Koro\u0161ke\/ Lieder und Musik aus S\u00fcdk\u00e4rnten Doslej so bili objavljeni slede\u010di zvezki Bisher sind folgende Hefte erschienen The following books have been published so far<\/p>\n","protected":false},"author":1,"featured_media":0,"parent":0,"menu_order":0,"comment_status":"closed","ping_status":"closed","template":"page-template-pgk.php","meta":{"footnotes":""},"class_list":["post-11","page","type-page","status-publish","hentry"],"_links":{"self":[{"href":"https:\/\/www.pesmi.at\/index.php?rest_route=\/wp\/v2\/pages\/11","targetHints":{"allow":["GET"]}}],"collection":[{"href":"https:\/\/www.pesmi.at\/index.php?rest_route=\/wp\/v2\/pages"}],"about":[{"href":"https:\/\/www.pesmi.at\/index.php?rest_route=\/wp\/v2\/types\/page"}],"author":[{"embeddable":true,"href":"https:\/\/www.pesmi.at\/index.php?rest_route=\/wp\/v2\/users\/1"}],"replies":[{"embeddable":true,"href":"https:\/\/www.pesmi.at\/index.php?rest_route=%2Fwp%2Fv2%2Fcomments&post=11"}],"version-history":[{"count":5,"href":"https:\/\/www.pesmi.at\/index.php?rest_route=\/wp\/v2\/pages\/11\/revisions"}],"predecessor-version":[{"id":61,"href":"https:\/\/www.pesmi.at\/index.php?rest_route=\/wp\/v2\/pages\/11\/revisions\/61"}],"wp:attachment":[{"href":"https:\/\/www.pesmi.at\/index.php?rest_route=%2Fwp%2Fv2%2Fmedia&parent=11"}],"curies":[{"name":"wp","href":"https:\/\/api.w.org\/{rel}","templated":true}]}}